{"id":3926,"date":"2022-04-12T08:54:23","date_gmt":"2022-04-12T08:54:23","guid":{"rendered":"https:\/\/galens.wp1.smartweb.rs\/o-nama\/"},"modified":"2022-07-21T08:10:02","modified_gmt":"2022-07-21T08:10:02","slug":"o-nas","status":"publish","type":"page","link":"https:\/\/galens.rs\/ru\/o-nas\/","title":{"rendered":"O nas"},"content":{"rendered":"\r\n\r\nTest\r\n\r\n","protected":false},"excerpt":{"rendered":"<p>Test<\/p>\n","protected":false},"author":1,"featured_media":0,"parent":0,"menu_order":0,"comment_status":"closed","ping_status":"closed","template":"template-about-us.php","meta":{"_acf_changed":false,"footnotes":""},"class_list":["post-3926","page","type-page","status-publish","hentry"],"acf":[],"yoast_head":"<!-- This site is optimized with the Yoast SEO plugin v24.3 - https:\/\/yoast.com\/wordpress\/plugins\/seo\/ -->\n<title>Galens Invest - Na\u0161a pri\u010da<\/title>\n<meta name=\"description\" content=\"Galens Invest je jedna od vode\u0107ih doma\u0107ih gra\u0111evinskih firmi sa velikim iskustvom i brojim uspe\u0161nim projektima iza sebe\" \/>\n<meta name=\"robots\" content=\"index, follow, max-snippet:-1, max-image-preview:large, max-video-preview:-1\" \/>\n<link rel=\"canonical\" href=\"https:\/\/galens.rs\/ru\/o-nas\/\" \/>\n<meta property=\"og:locale\" content=\"ru_RU\" \/>\n<meta property=\"og:type\" content=\"article\" \/>\n<meta property=\"og:title\" content=\"Galens Invest - Na\u0161a pri\u010da\" \/>\n<meta property=\"og:description\" content=\"Galens Invest je jedna od vode\u0107ih doma\u0107ih gra\u0111evinskih firmi sa velikim iskustvom i brojim uspe\u0161nim projektima iza sebe\" \/>\n<meta property=\"og:url\" content=\"https:\/\/galens.rs\/ru\/o-nas\/\" \/>\n<meta property=\"og:site_name\" content=\"Galens Invest\" \/>\n<meta property=\"article:modified_time\" content=\"2022-07-21T08:10:02+00:00\" \/>\n<meta name=\"twitter:card\" content=\"summary_large_image\" \/>\n<script type=\"application\/ld+json\" class=\"yoast-schema-graph\">{\"@context\":\"https:\/\/schema.org\",\"@graph\":[{\"@type\":\"WebPage\",\"@id\":\"https:\/\/galens.rs\/ru\/o-nas\/\",\"url\":\"https:\/\/galens.rs\/ru\/o-nas\/\",\"name\":\"Galens Invest - Na\u0161a pri\u010da\",\"isPartOf\":{\"@id\":\"https:\/\/galens.rs\/#website\"},\"datePublished\":\"2022-04-12T08:54:23+00:00\",\"dateModified\":\"2022-07-21T08:10:02+00:00\",\"description\":\"Galens Invest je jedna od vode\u0107ih doma\u0107ih gra\u0111evinskih firmi sa velikim iskustvom i brojim uspe\u0161nim projektima iza sebe\",\"breadcrumb\":{\"@id\":\"https:\/\/galens.rs\/ru\/o-nas\/#breadcrumb\"},\"inLanguage\":\"ru-RU\",\"potentialAction\":[{\"@type\":\"ReadAction\",\"target\":[\"https:\/\/galens.rs\/ru\/o-nas\/\"]}]},{\"@type\":\"BreadcrumbList\",\"@id\":\"https:\/\/galens.rs\/ru\/o-nas\/#breadcrumb\",\"itemListElement\":[{\"@type\":\"ListItem\",\"position\":1,\"name\":\"\u0414\u043e\u043c\",\"item\":\"https:\/\/galens.rs\/ru\/\"},{\"@type\":\"ListItem\",\"position\":2,\"name\":\"O nas\"}]},{\"@type\":\"WebSite\",\"@id\":\"https:\/\/galens.rs\/#website\",\"url\":\"https:\/\/galens.rs\/\",\"name\":\"Galens Invest\",\"description\":\"\",\"potentialAction\":[{\"@type\":\"SearchAction\",\"target\":{\"@type\":\"EntryPoint\",\"urlTemplate\":\"https:\/\/galens.rs\/?s={search_term_string}\"},\"query-input\":{\"@type\":\"PropertyValueSpecification\",\"valueRequired\":true,\"valueName\":\"search_term_string\"}}],\"inLanguage\":\"ru-RU\"}]}<\/script>\n<!-- \/ Yoast SEO plugin. -->","yoast_head_json":{"title":"Galens Invest - Na\u0161a pri\u010da","description":"Galens Invest je jedna od vode\u0107ih doma\u0107ih gra\u0111evinskih firmi sa velikim iskustvom i brojim uspe\u0161nim projektima iza sebe","robots":{"index":"index","follow":"follow","max-snippet":"max-snippet:-1","max-image-preview":"max-image-preview:large","max-video-preview":"max-video-preview:-1"},"canonical":"https:\/\/galens.rs\/ru\/o-nas\/","og_locale":"ru_RU","og_type":"article","og_title":"Galens Invest - Na\u0161a pri\u010da","og_description":"Galens Invest je jedna od vode\u0107ih doma\u0107ih gra\u0111evinskih firmi sa velikim iskustvom i brojim uspe\u0161nim projektima iza sebe","og_url":"https:\/\/galens.rs\/ru\/o-nas\/","og_site_name":"Galens Invest","article_modified_time":"2022-07-21T08:10:02+00:00","twitter_card":"summary_large_image","schema":{"@context":"https:\/\/schema.org","@graph":[{"@type":"WebPage","@id":"https:\/\/galens.rs\/ru\/o-nas\/","url":"https:\/\/galens.rs\/ru\/o-nas\/","name":"Galens Invest - Na\u0161a pri\u010da","isPartOf":{"@id":"https:\/\/galens.rs\/#website"},"datePublished":"2022-04-12T08:54:23+00:00","dateModified":"2022-07-21T08:10:02+00:00","description":"Galens Invest je jedna od vode\u0107ih doma\u0107ih gra\u0111evinskih firmi sa velikim iskustvom i brojim uspe\u0161nim projektima iza sebe","breadcrumb":{"@id":"https:\/\/galens.rs\/ru\/o-nas\/#breadcrumb"},"inLanguage":"ru-RU","potentialAction":[{"@type":"ReadAction","target":["https:\/\/galens.rs\/ru\/o-nas\/"]}]},{"@type":"BreadcrumbList","@id":"https:\/\/galens.rs\/ru\/o-nas\/#breadcrumb","itemListElement":[{"@type":"ListItem","position":1,"name":"\u0414\u043e\u043c","item":"https:\/\/galens.rs\/ru\/"},{"@type":"ListItem","position":2,"name":"O nas"}]},{"@type":"WebSite","@id":"https:\/\/galens.rs\/#website","url":"https:\/\/galens.rs\/","name":"Galens Invest","description":"","potentialAction":[{"@type":"SearchAction","target":{"@type":"EntryPoint","urlTemplate":"https:\/\/galens.rs\/?s={search_term_string}"},"query-input":{"@type":"PropertyValueSpecification","valueRequired":true,"valueName":"search_term_string"}}],"inLanguage":"ru-RU"}]}},"_links":{"self":[{"href":"https:\/\/galens.rs\/ru\/wp-json\/wp\/v2\/pages\/3926","targetHints":{"allow":["GET"]}}],"collection":[{"href":"https:\/\/galens.rs\/ru\/wp-json\/wp\/v2\/pages"}],"about":[{"href":"https:\/\/galens.rs\/ru\/wp-json\/wp\/v2\/types\/page"}],"author":[{"embeddable":true,"href":"https:\/\/galens.rs\/ru\/wp-json\/wp\/v2\/users\/1"}],"replies":[{"embeddable":true,"href":"https:\/\/galens.rs\/ru\/wp-json\/wp\/v2\/comments?post=3926"}],"version-history":[{"count":4,"href":"https:\/\/galens.rs\/ru\/wp-json\/wp\/v2\/pages\/3926\/revisions"}],"predecessor-version":[{"id":5320,"href":"https:\/\/galens.rs\/ru\/wp-json\/wp\/v2\/pages\/3926\/revisions\/5320"}],"wp:attachment":[{"href":"https:\/\/galens.rs\/ru\/wp-json\/wp\/v2\/media?parent=3926"}],"curies":[{"name":"wp","href":"https:\/\/api.w.org\/{rel}","templated":true}]}}