{"id":8420,"date":"2024-11-21T08:49:35","date_gmt":"2024-11-21T08:49:35","guid":{"rendered":"https:\/\/galens.rs\/willkommen\/"},"modified":"2024-11-21T08:49:35","modified_gmt":"2024-11-21T08:49:35","slug":"willkommen","status":"publish","type":"page","link":"https:\/\/galens.rs\/de\/","title":{"rendered":"Willkommen"},"content":{"rendered":"","protected":false},"excerpt":{"rendered":"","protected":false},"author":1,"featured_media":0,"parent":0,"menu_order":0,"comment_status":"closed","ping_status":"closed","template":"template-pocetna.php","meta":{"_acf_changed":false,"footnotes":""},"class_list":["post-8420","page","type-page","status-publish","hentry"],"acf":[],"yoast_head":"<!-- This site is optimized with the Yoast SEO plugin v24.3 - https:\/\/yoast.com\/wordpress\/plugins\/seo\/ -->\n<title>Galens Invest in Belgrad \u2013 Novi Sad \u2013 Zlatibor \u2013 Jahorina<\/title>\n<meta name=\"description\" content=\"Galens Invest ist eine der f\u00fchrenden inl\u00e4ndischen Baufirmen mit gro\u00dfer Erfahrung und z\u00e4hligen erfolgreichen Projekten hinter sich.\" \/>\n<meta name=\"robots\" content=\"index, follow, max-snippet:-1, max-image-preview:large, max-video-preview:-1\" \/>\n<link rel=\"canonical\" href=\"https:\/\/galens.rs\/de\/\" \/>\n<meta property=\"og:locale\" content=\"de_DE\" \/>\n<meta property=\"og:type\" content=\"article\" \/>\n<meta property=\"og:title\" content=\"Galens Invest &amp; Galens Engineering | Belgrad-Novi Sad\" \/>\n<meta property=\"og:description\" content=\"Galens Invest ist eine der f\u00fchrenden inl\u00e4ndischen Baufirmen mit gro\u00dfer Erfahrung und z\u00e4hligen erfolgreichen Projekten hinter sich.\" \/>\n<meta property=\"og:url\" content=\"https:\/\/galens.rs\/de\/\" \/>\n<meta property=\"og:site_name\" content=\"Galens Invest\" \/>\n<meta name=\"twitter:card\" content=\"summary_large_image\" \/>\n<meta name=\"twitter:title\" content=\"Galens Invest &amp; Galens Engineering | Belgrad-Novi Sad\" \/>\n<meta name=\"twitter:description\" content=\"Galens Invest ist eine der f\u00fchrenden inl\u00e4ndischen Baufirmen mit gro\u00dfer Erfahrung und z\u00e4hligen erfolgreichen Projekten hinter sich.\" \/>\n<script type=\"application\/ld+json\" class=\"yoast-schema-graph\">{\"@context\":\"https:\/\/schema.org\",\"@graph\":[{\"@type\":\"WebPage\",\"@id\":\"https:\/\/galens.rs\/de\/\",\"url\":\"https:\/\/galens.rs\/de\/\",\"name\":\"Galens Invest in Belgrad \u2013 Novi Sad \u2013 Zlatibor \u2013 Jahorina\",\"isPartOf\":{\"@id\":\"https:\/\/galens.rs\/#website\"},\"datePublished\":\"2024-11-21T08:49:35+00:00\",\"dateModified\":\"2024-11-21T08:49:35+00:00\",\"description\":\"Galens Invest ist eine der f\u00fchrenden inl\u00e4ndischen Baufirmen mit gro\u00dfer Erfahrung und z\u00e4hligen erfolgreichen Projekten hinter sich.\",\"breadcrumb\":{\"@id\":\"https:\/\/galens.rs\/de\/#breadcrumb\"},\"inLanguage\":\"de-DE\",\"potentialAction\":[{\"@type\":\"ReadAction\",\"target\":[\"https:\/\/galens.rs\/de\/\"]}]},{\"@type\":\"BreadcrumbList\",\"@id\":\"https:\/\/galens.rs\/de\/#breadcrumb\",\"itemListElement\":[{\"@type\":\"ListItem\",\"position\":1,\"name\":\"Po\u010detna\",\"item\":\"https:\/\/galens.rs\/de\/\"},{\"@type\":\"ListItem\",\"position\":2,\"name\":\"Willkommen\"}]},{\"@type\":\"WebSite\",\"@id\":\"https:\/\/galens.rs\/#website\",\"url\":\"https:\/\/galens.rs\/\",\"name\":\"Galens Invest\",\"description\":\"\",\"potentialAction\":[{\"@type\":\"SearchAction\",\"target\":{\"@type\":\"EntryPoint\",\"urlTemplate\":\"https:\/\/galens.rs\/?s={search_term_string}\"},\"query-input\":{\"@type\":\"PropertyValueSpecification\",\"valueRequired\":true,\"valueName\":\"search_term_string\"}}],\"inLanguage\":\"de-DE\"}]}<\/script>\n<!-- \/ Yoast SEO plugin. -->","yoast_head_json":{"title":"Galens Invest in Belgrad \u2013 Novi Sad \u2013 Zlatibor \u2013 Jahorina","description":"Galens Invest ist eine der f\u00fchrenden inl\u00e4ndischen Baufirmen mit gro\u00dfer Erfahrung und z\u00e4hligen erfolgreichen Projekten hinter sich.","robots":{"index":"index","follow":"follow","max-snippet":"max-snippet:-1","max-image-preview":"max-image-preview:large","max-video-preview":"max-video-preview:-1"},"canonical":"https:\/\/galens.rs\/de\/","og_locale":"de_DE","og_type":"article","og_title":"Galens Invest & Galens Engineering | Belgrad-Novi Sad","og_description":"Galens Invest ist eine der f\u00fchrenden inl\u00e4ndischen Baufirmen mit gro\u00dfer Erfahrung und z\u00e4hligen erfolgreichen Projekten hinter sich.","og_url":"https:\/\/galens.rs\/de\/","og_site_name":"Galens Invest","twitter_card":"summary_large_image","twitter_title":"Galens Invest & Galens Engineering | Belgrad-Novi Sad","twitter_description":"Galens Invest ist eine der f\u00fchrenden inl\u00e4ndischen Baufirmen mit gro\u00dfer Erfahrung und z\u00e4hligen erfolgreichen Projekten hinter sich.","schema":{"@context":"https:\/\/schema.org","@graph":[{"@type":"WebPage","@id":"https:\/\/galens.rs\/de\/","url":"https:\/\/galens.rs\/de\/","name":"Galens Invest in Belgrad \u2013 Novi Sad \u2013 Zlatibor \u2013 Jahorina","isPartOf":{"@id":"https:\/\/galens.rs\/#website"},"datePublished":"2024-11-21T08:49:35+00:00","dateModified":"2024-11-21T08:49:35+00:00","description":"Galens Invest ist eine der f\u00fchrenden inl\u00e4ndischen Baufirmen mit gro\u00dfer Erfahrung und z\u00e4hligen erfolgreichen Projekten hinter sich.","breadcrumb":{"@id":"https:\/\/galens.rs\/de\/#breadcrumb"},"inLanguage":"de-DE","potentialAction":[{"@type":"ReadAction","target":["https:\/\/galens.rs\/de\/"]}]},{"@type":"BreadcrumbList","@id":"https:\/\/galens.rs\/de\/#breadcrumb","itemListElement":[{"@type":"ListItem","position":1,"name":"Po\u010detna","item":"https:\/\/galens.rs\/de\/"},{"@type":"ListItem","position":2,"name":"Willkommen"}]},{"@type":"WebSite","@id":"https:\/\/galens.rs\/#website","url":"https:\/\/galens.rs\/","name":"Galens Invest","description":"","potentialAction":[{"@type":"SearchAction","target":{"@type":"EntryPoint","urlTemplate":"https:\/\/galens.rs\/?s={search_term_string}"},"query-input":{"@type":"PropertyValueSpecification","valueRequired":true,"valueName":"search_term_string"}}],"inLanguage":"de-DE"}]}},"_links":{"self":[{"href":"https:\/\/galens.rs\/de\/wp-json\/wp\/v2\/pages\/8420","targetHints":{"allow":["GET"]}}],"collection":[{"href":"https:\/\/galens.rs\/de\/wp-json\/wp\/v2\/pages"}],"about":[{"href":"https:\/\/galens.rs\/de\/wp-json\/wp\/v2\/types\/page"}],"author":[{"embeddable":true,"href":"https:\/\/galens.rs\/de\/wp-json\/wp\/v2\/users\/1"}],"replies":[{"embeddable":true,"href":"https:\/\/galens.rs\/de\/wp-json\/wp\/v2\/comments?post=8420"}],"version-history":[{"count":0,"href":"https:\/\/galens.rs\/de\/wp-json\/wp\/v2\/pages\/8420\/revisions"}],"wp:attachment":[{"href":"https:\/\/galens.rs\/de\/wp-json\/wp\/v2\/media?parent=8420"}],"curies":[{"name":"wp","href":"https:\/\/api.w.org\/{rel}","templated":true}]}}